{"id":44,"date":"2024-03-16T00:51:42","date_gmt":"2024-03-15T23:51:42","guid":{"rendered":"https:\/\/creob.ca\/index.php\/a-propos-de\/"},"modified":"2024-03-16T00:51:46","modified_gmt":"2024-03-15T23:51:46","slug":"a-propos-de","status":"publish","type":"page","link":"https:\/\/creob.ca\/index.php\/a-propos-de\/","title":{"rendered":"\u00c0 propos de"},"content":{"rendered":"\n  \n    <section class=\"u-align-center-lg u-align-center-md u-align-center-sm u-align-center-xs u-clearfix u-container-align-center-xl u-section-1\" id=\"carousel_c2aa\">\n      <div class=\"u-clearfix u-sheet u-valign-middle-md u-valign-middle-sm u-valign-middle-xl u-valign-middle-xs u-sheet-1\">\n        <div class=\"u-palette-1-base u-shape u-shape-rectangle u-shape-1\"><\/div>\n        <img decoding=\"async\" class=\"u-image u-image-1\" src=\"https:\/\/creob.ca\/wp-content\/uploads\/2024\/03\/5737269-0.jpeg\" data-image-width=\"5000\" data-image-height=\"3700\">\n        <div class=\"u-shape u-shape-svg u-text-palette-1-base u-shape-2\">\n          <svg class=\"u-svg-link\" preserveAspectRatio=\"none\" viewBox=\"0 0 160 160\" style=\"\"><use xlink:href=\"#svg-db78\"><\/use><\/svg>\n          <svg xmlns=\"http:\/\/www.w3.org\/2000\/svg\" xmlns:xlink=\"http:\/\/www.w3.org\/1999\/xlink\" version=\"1.1\" xml:space=\"preserve\" class=\"u-svg-content\" viewBox=\"0 0 160 160\" x=\"0px\" y=\"0px\" id=\"svg-db78\"><path d=\"M114.3,152.3l38-38C144.4,130.9,130.9,144.4,114.3,152.3z M117.1,9.1l-108,108c0.8,1.6,1.7,3.2,2.7,4.8l110-110\n\tC120.3,10.9,118.7,10,117.1,9.1z M97.5,2L2,97.5c0.4,2,1,4,1.5,5.9l99.9-99.9C101.5,2.9,99.5,2.4,97.5,2z M80,160c2,0,4-0.1,5.9-0.2\n\tl73.9-73.9c0.1-2,0.2-3.9,0.2-5.9c0-0.6,0-1.2,0-1.9L78.1,160C78.8,160,79.4,160,80,160z M34.9,146.1c1.5,1,3,2,4.6,2.9L149,39.5\n\tc-0.9-1.6-1.9-3.1-2.9-4.6L34.9,146.1z M132.7,19.8L19.8,132.7c1.2,1.3,2.3,2.6,3.6,3.9L136.6,23.4C135.3,22.2,134,21,132.7,19.8z\n\t M59.6,157.4l97.8-97.8c-0.5-1.9-1.1-3.8-1.7-5.7L53.9,155.6C55.8,156.3,57.7,156.9,59.6,157.4z M7.6,45.9L45.9,7.6\n\tC29.1,15.5,15.5,29.1,7.6,45.9z M80,0c-2.6,0-5.1,0.1-7.6,0.4l-72,72C0.1,74.9,0,77.4,0,80c0,0.1,0,0.2,0,0.2L80.2,0\n\tC80.2,0,80.1,0,80,0z\"><\/path><\/svg>\n        <\/div>\n        <div class=\"u-palette-1-base u-preserve-proportions u-shape u-shape-circle u-shape-3\"><\/div>\n        <div class=\"u-align-left u-container-style u-group u-white u-group-1\">\n          <div class=\"u-container-layout u-container-layout-1\">\n            <h3 class=\"u-text u-text-1\">Bienvenue<\/h3>\n            <p class=\"u-text u-text-2\">Dans le monde dynamique de la technologie et de l'Internet, l'histoire fascinante de Cr\u00e9OB, commence par une simple mission de refonte de site web. Fond\u00e9e en 2020 par un passionn\u00e9 du d\u00e9veloppement web, L'entreprise a connu une belle croissance gr\u00e2ce \u00e0 plusieurs de projets toujours plus ambitieux.<br>\n            <\/p>\n          <\/div>\n        <\/div>\n      <\/div>\n    <\/section>\n    <section class=\"u-align-center u-clearfix u-white u-section-2\" id=\"carousel_4cf0\">\n      <div class=\"u-clearfix u-sheet u-valign-middle u-sheet-1\">\n        <div class=\"u-shape u-shape-svg u-text-palette-1-light-1 u-shape-1\" data-animation-name=\"flipIn\" data-animation-duration=\"1500\" data-animation-direction=\"X\" data-animation-delay=\"500\">\n          <svg class=\"u-svg-link\" preserveAspectRatio=\"none\" viewBox=\"0 0 160 160\" style=\"\"><use xlink:href=\"#svg-e858\"><\/use><\/svg>\n          <svg xmlns=\"http:\/\/www.w3.org\/2000\/svg\" xmlns:xlink=\"http:\/\/www.w3.org\/1999\/xlink\" version=\"1.1\" xml:space=\"preserve\" class=\"u-svg-content\" viewBox=\"0 0 160 160\" x=\"0px\" y=\"0px\" id=\"svg-e858\" style=\"enable-background:new 0 0 160 160;\"><path d=\"M80,30c27.6,0,50,22.4,50,50s-22.4,50-50,50s-50-22.4-50-50S52.4,30,80,30 M80,0C35.8,0,0,35.8,0,80s35.8,80,80,80\n\ts80-35.8,80-80S124.2,0,80,0L80,0z\"><\/path><\/svg>\n        <\/div>\n        <div class=\"u-shape u-shape-svg u-text-palette-1-base u-shape-2\" data-animation-name=\"customAnimationIn\" data-animation-duration=\"1500\" data-animation-delay=\"250\">\n          <svg class=\"u-svg-link\" preserveAspectRatio=\"none\" viewBox=\"0 0 160 160\" style=\"\"><use xlink:href=\"#svg-a0bf\"><\/use><\/svg>\n          <svg xmlns=\"http:\/\/www.w3.org\/2000\/svg\" xmlns:xlink=\"http:\/\/www.w3.org\/1999\/xlink\" version=\"1.1\" xml:space=\"preserve\" class=\"u-svg-content\" viewBox=\"0 0 160 160\" x=\"0px\" y=\"0px\" id=\"svg-a0bf\" style=\"enable-background:new 0 0 160 160;\"><path d=\"M80,30c27.6,0,50,22.4,50,50s-22.4,50-50,50s-50-22.4-50-50S52.4,30,80,30 M80,0C35.8,0,0,35.8,0,80s35.8,80,80,80\n\ts80-35.8,80-80S124.2,0,80,0L80,0z\"><\/path><\/svg>\n        <\/div>\n        <div class=\"u-image u-image-circle u-image-1\" data-image-width=\"4441\" data-image-height=\"3610\" data-animation-name=\"customAnimationIn\" data-animation-duration=\"1500\" style=\"background-image: url(&quot;https:\/\/creob.ca\/wp-content\/uploads\/2024\/03\/5737269-2.png&quot;);\"><\/div>\n        <div class=\"u-palette-1-base u-shape u-shape-circle u-shape-3\" data-animation-name=\"customAnimationIn\" data-animation-duration=\"1500\" data-animation-delay=\"500\"><\/div>\n        <div class=\"u-align-left u-container-align-left u-container-style u-expanded-width-xs u-group u-radius-5 u-shape-round u-white u-group-1\" data-animation-name=\"customAnimationIn\" data-animation-duration=\"1500\" data-animation-delay=\"250\">\n          <div class=\"u-container-layout u-container-layout-1\">\n            <h2 class=\"u-align-left u-text u-text-1\">Olivier Boisnard<\/h2>\n            <p class=\"u-align-left u-large-text u-text u-text-variant u-text-2\">Fort d'une formation en informatique de gestion et plus de 10 ans d'exp\u00e9rience dans l'univers des technologies de l'information. J'ai souvent \u00e9t\u00e9 sollicit\u00e9 pour r\u00e9aliser des projets web mais, ce n'est qu'en 2020 que j'ai finalement succomb\u00e9 \u00e0 un premier projet web. Suite \u00e0 cette belle premi\u00e8re exp\u00e9rience, j'ai fond\u00e9 Cr\u00e9OB. Je souhaite rendre vos id\u00e9es concr\u00e8te en collaborant avec vous.<\/p>\n          <\/div>\n        <\/div>\n      <\/div>\n    <\/section>\n    \n    \n    \n    \n  \n","protected":false},"excerpt":{"rendered":"<p>Bienvenue Dans le monde dynamique de la technologie et de l&rsquo;Internet, l&rsquo;histoire fascinante de Cr\u00e9OB, commence par une simple mission de refonte de site web. Fond\u00e9e en 2020 par un passionn\u00e9 du d\u00e9veloppement web, L&rsquo;entreprise a connu une belle croissance gr\u00e2ce \u00e0 plusieurs de projets toujours plus ambitieux. Olivier Boisnard Fort d&rsquo;une formation en informatique &hellip; <a href=\"https:\/\/creob.ca\/index.php\/a-propos-de\/\" class=\"more-link\">Continue reading<span class=\"screen-reader-text\"> \u00ab\u00a0\u00c0 propos de\u00a0\u00bb<\/span><\/a><\/p>\n","protected":false},"author":1,"featured_media":0,"parent":0,"menu_order":1,"comment_status":"closed","ping_status":"closed","template":"","meta":{"footnotes":""},"class_list":["post-44","page","type-page","status-publish","hentry"],"_links":{"self":[{"href":"https:\/\/creob.ca\/index.php\/wp-json\/wp\/v2\/pages\/44","targetHints":{"allow":["GET"]}}],"collection":[{"href":"https:\/\/creob.ca\/index.php\/wp-json\/wp\/v2\/pages"}],"about":[{"href":"https:\/\/creob.ca\/index.php\/wp-json\/wp\/v2\/types\/page"}],"author":[{"embeddable":true,"href":"https:\/\/creob.ca\/index.php\/wp-json\/wp\/v2\/users\/1"}],"replies":[{"embeddable":true,"href":"https:\/\/creob.ca\/index.php\/wp-json\/wp\/v2\/comments?post=44"}],"version-history":[{"count":1,"href":"https:\/\/creob.ca\/index.php\/wp-json\/wp\/v2\/pages\/44\/revisions"}],"predecessor-version":[{"id":48,"href":"https:\/\/creob.ca\/index.php\/wp-json\/wp\/v2\/pages\/44\/revisions\/48"}],"wp:attachment":[{"href":"https:\/\/creob.ca\/index.php\/wp-json\/wp\/v2\/media?parent=44"}],"curies":[{"name":"wp","href":"https:\/\/api.w.org\/{rel}","templated":true}]}}