{"id":45,"date":"2024-03-16T00:51:43","date_gmt":"2024-03-15T23:51:43","guid":{"rendered":"https:\/\/creob.ca\/index.php\/contact\/"},"modified":"2024-03-16T00:51:46","modified_gmt":"2024-03-15T23:51:46","slug":"contact","status":"publish","type":"page","link":"https:\/\/creob.ca\/index.php\/contact\/","title":{"rendered":"Contact"},"content":{"rendered":"\n  \n    <section class=\"u-align-center u-clearfix u-valign-bottom u-section-1\" id=\"carousel_e65c\">\n      <h2 class=\"u-text u-text-1\">Contacter nous<\/h2>\n      <p class=\"u-text u-text-2\">Vous souhaitez discuter avec nous ou nous rencontrer n'h\u00e9sitez pas et choisissez la m\u00e9thode qui vous convient.<\/p>\n      <div class=\"u-expanded-width u-list u-list-1\">\n        <div class=\"u-repeater u-repeater-1\">\n          <div class=\"u-align-center u-container-style u-list-item u-repeater-item u-white\">\n            <div class=\"u-container-layout u-similar-container u-valign-top u-container-layout-1\"><span class=\"u-file-icon u-icon u-text-palette-1-base u-icon-1\" data-animation-name=\"\" data-animation-duration=\"0\" data-animation-delay=\"0\" data-animation-direction=\"\"><img decoding=\"async\" src=\"https:\/\/creob.ca\/wp-content\/uploads\/2024\/03\/bb1533c3.png\" alt=\"\"><\/span>\n              <h3 class=\"u-text u-text-black u-text-3\">Address<\/h3>\n              <p class=\"u-text u-text-4\">L\u00e9vis<\/p>\n            <\/div>\n          <\/div>\n          <div class=\"u-align-center u-container-style u-list-item u-repeater-item u-white u-list-item-2\">\n            <div class=\"u-container-layout u-similar-container u-valign-top u-container-layout-2\"><span class=\"u-file-icon u-icon u-text-palette-1-base u-icon-2\"><img decoding=\"async\" src=\"https:\/\/creob.ca\/wp-content\/uploads\/2024\/03\/2765288c.png\" alt=\"\"><\/span>\n              <h3 class=\"u-text u-text-black u-text-5\">Courriel<\/h3>\n              <p class=\"u-text u-text-6\">\n                <a class=\"u-active-none u-btn u-button-link u-button-style u-hover-none u-none u-text-active-palette-1-base u-text-black u-text-hover-palette-1-base u-btn-1\" href=\"mailto:info@sample.com\" data-animation-name=\"\" data-animation-duration=\"0\" data-animation-delay=\"0\" data-animation-direction=\"\"> infos@creob.ca<\/a>\n              <\/p>\n            <\/div>\n          <\/div>\n          <div class=\"u-align-center u-container-style u-list-item u-repeater-item u-white\">\n            <div class=\"u-container-layout u-similar-container u-valign-top u-container-layout-3\"><span class=\"u-file-icon u-icon u-text-palette-1-base u-icon-3\" data-animation-name=\"\" data-animation-duration=\"0\" data-animation-delay=\"0\" data-animation-direction=\"\"><img decoding=\"async\" src=\"https:\/\/creob.ca\/wp-content\/uploads\/2024\/03\/765d3db9.png\" alt=\"\"><\/span>\n              <h3 class=\"u-text u-text-black u-text-7\">Heurde d'ouverture<br>\n              <\/h3>\n              <p class=\"u-text u-text-8\"> Lundi au Vendredi: 9h\u2013 17h,<br>Samedi \u2013 Dimanche : Ferm\u00e9\n              <\/p>\n            <\/div>\n          <\/div>\n        <\/div>\n      <\/div>\n      <img decoding=\"async\" class=\"u-expanded-width u-image u-image-default u-image-1\" src=\"https:\/\/creob.ca\/wp-content\/uploads\/2024\/03\/5737270-0.jpeg\" alt=\"\" data-image-width=\"5760\" data-image-height=\"3840\">\n    <\/section>\n    \n    \n    \n    \n  \n","protected":false},"excerpt":{"rendered":"<p>Contacter nous Vous souhaitez discuter avec nous ou nous rencontrer n&rsquo;h\u00e9sitez pas et choisissez la m\u00e9thode qui vous convient. Address L\u00e9vis Courriel infos@creob.ca Heurde d&rsquo;ouverture Lundi au Vendredi: 9h\u2013 17h,Samedi \u2013 Dimanche : Ferm\u00e9<\/p>\n","protected":false},"author":1,"featured_media":0,"parent":0,"menu_order":2,"comment_status":"closed","ping_status":"closed","template":"","meta":{"footnotes":""},"class_list":["post-45","page","type-page","status-publish","hentry"],"_links":{"self":[{"href":"https:\/\/creob.ca\/index.php\/wp-json\/wp\/v2\/pages\/45","targetHints":{"allow":["GET"]}}],"collection":[{"href":"https:\/\/creob.ca\/index.php\/wp-json\/wp\/v2\/pages"}],"about":[{"href":"https:\/\/creob.ca\/index.php\/wp-json\/wp\/v2\/types\/page"}],"author":[{"embeddable":true,"href":"https:\/\/creob.ca\/index.php\/wp-json\/wp\/v2\/users\/1"}],"replies":[{"embeddable":true,"href":"https:\/\/creob.ca\/index.php\/wp-json\/wp\/v2\/comments?post=45"}],"version-history":[{"count":1,"href":"https:\/\/creob.ca\/index.php\/wp-json\/wp\/v2\/pages\/45\/revisions"}],"predecessor-version":[{"id":49,"href":"https:\/\/creob.ca\/index.php\/wp-json\/wp\/v2\/pages\/45\/revisions\/49"}],"wp:attachment":[{"href":"https:\/\/creob.ca\/index.php\/wp-json\/wp\/v2\/media?parent=45"}],"curies":[{"name":"wp","href":"https:\/\/api.w.org\/{rel}","templated":true}]}}