{"id":47,"date":"2024-03-16T00:51:45","date_gmt":"2024-03-15T23:51:45","guid":{"rendered":"https:\/\/creob.ca\/index.php\/tarification\/"},"modified":"2024-03-16T00:51:46","modified_gmt":"2024-03-15T23:51:46","slug":"tarification","status":"publish","type":"page","link":"https:\/\/creob.ca\/index.php\/tarification\/","title":{"rendered":"Tarification"},"content":{"rendered":"\n  \n    <section class=\"u-align-center u-clearfix u-palette-1-light-3 u-section-1\" id=\"carousel_d7ac\">\n      <div class=\"data-layout-selected u-clearfix u-gutter-0 u-layout-wrap u-layout-wrap-1\">\n        <div class=\"u-gutter-0 u-layout\">\n          <div class=\"u-layout-row\">\n            <div class=\"u-container-align-center-sm u-container-align-center-xs u-container-style u-image u-layout-cell u-shape-rectangle u-size-27-lg u-size-33-xl u-size-60-md u-size-60-sm u-size-60-xs u-image-1\" data-image-width=\"5760\" data-image-height=\"3840\" data-animation-name=\"customAnimationIn\" data-animation-duration=\"1500\" data-animation-delay=\"500\" style=\"background-image: url(&quot;https:\/\/creob.ca\/wp-content\/uploads\/2024\/03\/5779048-0.jpeg&quot;);\">\n              <div class=\"u-container-layout u-container-layout-1\"><\/div>\n            <\/div>\n            <div class=\"u-container-align-left u-container-style u-layout-cell u-shape-rectangle u-size-27-xl u-size-33-lg u-size-60-md u-size-60-sm u-size-60-xs u-layout-cell-2\" data-animation-name=\"customAnimationIn\" data-animation-duration=\"1500\" data-animation-delay=\"500\">\n              <div class=\"u-container-layout u-container-layout-2\">\n                <h1 class=\"u-align-left u-text u-text-default u-text-palette-1-base u-text-1\"> Pr\u00eat \u00e0 transformer votre entreprise?<\/h1>\n                <h5 class=\"u-align-left u-text u-text-default u-text-palette-1-light-1 u-text-2\">Ce que nous faisons:<\/h5>\n                <ul class=\"u-align-left u-custom-list u-text u-text-black u-text-3\">De la naissance de votre id\u00e9e jusqu'\u00e0 sa r\u00e9alisation, nous pouvons vous aider.<\/ul>\n                <div class=\"u-expanded-width u-list u-list-1\">\n                  <div class=\"u-repeater u-repeater-1\">\n                    <div class=\"u-container-style u-list-item u-repeater-item\">\n                      <div class=\"u-container-layout u-similar-container u-container-layout-3\">\n                        <h6 class=\"u-align-left u-text u-text-black u-text-default u-text-4\"><span class=\"u-file-icon u-icon u-text-palette-1-light-1 u-icon-1\"><img decoding=\"async\" src=\"https:\/\/creob.ca\/wp-content\/uploads\/2024\/03\/be65fa7c.png\" alt=\"\"><\/span>Cr\u00e9ation\n                        <\/h6>\n                      <\/div>\n                    <\/div>\n                    <div class=\"u-container-style u-list-item u-repeater-item\">\n                      <div class=\"u-container-layout u-similar-container u-container-layout-4\">\n                        <h6 class=\"u-align-left u-text u-text-black u-text-default u-text-5\"><span class=\"u-file-icon u-icon u-text-palette-1-light-1 u-icon-2\"><img decoding=\"async\" src=\"https:\/\/creob.ca\/wp-content\/uploads\/2024\/03\/be65fa7c.png\" alt=\"\"><\/span>Migration\n                        <\/h6>\n                      <\/div>\n                    <\/div>\n                    <div class=\"u-container-style u-list-item u-repeater-item\">\n                      <div class=\"u-container-layout u-similar-container u-container-layout-5\">\n                        <h6 class=\"u-align-left u-text u-text-black u-text-default u-text-6\"><span class=\"u-file-icon u-icon u-text-palette-1-light-1 u-icon-3\"><img decoding=\"async\" src=\"https:\/\/creob.ca\/wp-content\/uploads\/2024\/03\/be65fa7c.png\" alt=\"\"><\/span>Accompagnement\n                        <\/h6>\n                      <\/div>\n                    <\/div>\n                    <div class=\"u-container-style u-list-item u-repeater-item\">\n                      <div class=\"u-container-layout u-similar-container u-container-layout-6\">\n                        <h6 class=\"u-align-left u-text u-text-black u-text-default u-text-7\"><span class=\"u-file-icon u-icon u-text-palette-1-light-1 u-icon-4\"><img decoding=\"async\" src=\"https:\/\/creob.ca\/wp-content\/uploads\/2024\/03\/be65fa7c.png\" alt=\"\"><\/span>Support\n                        <\/h6>\n                      <\/div>\n                    <\/div>\n                  <\/div>\n                <\/div>\n                <p class=\"u-align-left u-text u-text-body-alt-color u-text-default u-text-8\">Im<span style=\"font-style: italic;\"><\/span>age from <a href=\"https:\/\/freepik.com\" class=\"u-border-1 u-border-active-palette-2-light-2 u-border-hover-palette-2-light-2 u-border-no-left u-border-no-right u-border-no-top u-border-white u-btn u-button-link u-button-style u-none u-text-body-alt-color u-btn-1\" data-animation-name=\"\" data-animation-duration=\"0\" data-animation-delay=\"0\" data-animation-direction=\"\">Freepik<\/a>\n                <\/p>\n              <\/div>\n            <\/div>\n          <\/div>\n        <\/div>\n      <\/div>\n    <\/section>\n    <section class=\"u-align-center u-clearfix u-container-align-center u-section-2\" id=\"carousel_486e\">\n      <div class=\"u-clearfix u-sheet u-sheet-1\">\n        <h2 class=\"u-align-center u-text u-text-custom-color-1 u-text-1\" data-animation-name=\"customAnimationIn\" data-animation-duration=\"1500\">Obtener le meilleur rapport qualit\u00e9\/prix<\/h2>\n        <div class=\"u-expanded-width u-list u-list-1\">\n          <div class=\"u-repeater u-repeater-1\">\n            <div class=\"u-align-left u-container-style u-image u-image-round u-list-item u-radius-20 u-repeater-item u-shading u-image-1\" data-image-width=\"1014\" data-image-height=\"700\" data-animation-direction=\"Up\" data-animation-name=\"customAnimationIn\" data-animation-duration=\"1500\" data-animation-delay=\"250\" style=\"background-image: linear-gradient(0deg, rgba(71, 138, 201, 0.8), rgba(71, 138, 201, 0.8)), url(&quot;https:\/\/creob.ca\/wp-content\/uploads\/2024\/03\/dftg.jpg&quot;);\">\n              <div class=\"u-container-layout u-similar-container u-container-layout-1\"><span class=\"u-align-center u-file-icon u-icon u-opacity u-opacity-70 u-text-palette-1-light-3 u-icon-1\"><img decoding=\"async\" src=\"https:\/\/creob.ca\/wp-content\/uploads\/2024\/03\/68f81686.png\" alt=\"\"><\/span>\n                <h4 class=\"u-align-center u-text u-text-2\">Site Web<\/h4>\n                <p class=\"u-align-center u-text u-text-3\">Cr\u00e9ation<br>H\u00e9bergement<br>Mise \u00e0 jour<br>Refonte\n                <\/p>\n              <\/div>\n            <\/div>\n            <div class=\"u-align-left u-container-align-center u-container-style u-image u-image-round u-list-item u-radius-20 u-repeater-item u-shading u-video-cover u-image-2\" data-image-width=\"1280\" data-image-height=\"560\" data-animation-direction=\"Up\" data-animation-name=\"customAnimationIn\" data-animation-duration=\"1500\" data-animation-delay=\"750\" style=\"background-image: linear-gradient(0deg, rgba(71, 138, 201, 0.8), rgba(71, 138, 201, 0.8)), url(&quot;https:\/\/creob.ca\/wp-content\/uploads\/2024\/03\/78cbbdb5e8e501f84872912526178d566aeee07e13b1b65a16dded1d2dc2f26581d3a5153e705b3ba5993875f0011b5817d0b5df4e475726f162f1_1280.jpg&quot;);\">\n              <div class=\"u-container-layout u-similar-container u-container-layout-2\"><span class=\"u-align-center u-file-icon u-icon u-opacity u-opacity-70 u-text-palette-1-light-3 u-icon-2\"><img decoding=\"async\" src=\"https:\/\/creob.ca\/wp-content\/uploads\/2024\/03\/75a3b3cc.png\" alt=\"\"><\/span>\n                <h4 class=\"u-align-center u-text u-text-4\">Boutique<\/h4>\n                <p class=\"u-align-center u-text u-text-5\">Gamme de prix<br>Variation de produit<br>Promotion\n                <\/p>\n              <\/div>\n            <\/div>\n            <div class=\"u-align-left u-container-style u-image u-image-round u-list-item u-radius-20 u-repeater-item u-shading u-video-cover u-image-3\" data-image-width=\"1200\" data-image-height=\"1043\" data-animation-direction=\"Up\" data-animation-name=\"customAnimationIn\" data-animation-duration=\"1500\" data-animation-delay=\"250\" style=\"background-image: linear-gradient(0deg, rgba(71, 138, 201, 0.8), rgba(71, 138, 201, 0.8)), url(&quot;https:\/\/creob.ca\/wp-content\/uploads\/2024\/03\/derr-min.jpg&quot;);\">\n              <div class=\"u-container-layout u-similar-container u-container-layout-3\"><span class=\"u-align-center u-file-icon u-icon u-opacity u-opacity-70 u-text-palette-1-light-3 u-icon-3\"><img decoding=\"async\" src=\"https:\/\/creob.ca\/wp-content\/uploads\/2024\/03\/20112f3b.png\" alt=\"\"><\/span>\n                <h4 class=\"u-align-center u-text u-text-6\">Centre d'apprentissage<\/h4>\n                <p class=\"u-align-center u-text u-text-7\">Cours en ligne<br>Certificat<br>Quizz\n                <\/p>\n              <\/div>\n            <\/div>\n            <div class=\"u-align-left u-container-style u-image u-image-round u-list-item u-radius-20 u-repeater-item u-shading u-video-cover u-image-4\" data-animation-name=\"customAnimationIn\" data-animation-duration=\"1500\" data-animation-delay=\"750\" style=\"background-image: linear-gradient(0deg, rgba(71, 138, 201, 0.8), rgba(71, 138, 201, 0.8)), url(&quot;https:\/\/creob.ca\/wp-content\/uploads\/2024\/03\/handshake-close-up-executives_1098-1384.jpg&quot;);\">\n              <div class=\"u-container-layout u-similar-container u-container-layout-4\"><span class=\"u-align-center u-file-icon u-icon u-opacity u-opacity-70 u-text-palette-1-light-3 u-icon-4\"><img decoding=\"async\" src=\"https:\/\/creob.ca\/wp-content\/uploads\/2024\/03\/07331d05.png\" alt=\"\"><\/span>\n                <h4 class=\"u-align-center u-text u-text-8\">Courriel<\/h4>\n                <p class=\"u-align-center u-text u-text-9\">Nouveau courriel<br>Redirection<br>\n                <\/p>\n              <\/div>\n            <\/div>\n          <\/div>\n        <\/div>\n      <\/div>\n    <\/section>\n    <section class=\"u-align-center u-clearfix u-section-3\" id=\"carousel_42c7\">\n      <div class=\"u-clearfix u-sheet u-sheet-1\">\n        <h2 class=\"u-text u-text-1\">Tarification<\/h2>\n        <p class=\"u-text u-text-2\">Choisissez votre forfait ou concevez le votre sur mesure.&nbsp;<\/p>\n        <div class=\"u-expanded-width u-table u-table-responsive u-table-1\">\n          <table class=\"u-table-entity u-table-entity-1\">\n            <colgroup>\n              <col width=\"22.7%\">\n              <col width=\"25.5%\">\n              <col width=\"26.6%\">\n              <col width=\"25.2%\">\n            <\/colgroup>\n            <thead class=\"u-align-center u-table-header u-table-header-1\">\n              <tr>\n                <th class=\"u-table-cell\"><\/th>\n                <th class=\"u-border-1 u-border-palette-5-light-1 u-table-cell u-text-grey-50 u-table-cell-2\">Simple<\/th>\n                <th class=\"u-border-1 u-border-palette-5-light-1 u-table-cell u-text-grey-50 u-table-cell-3\">Boutique<\/th>\n                <th class=\"u-border-1 u-border-palette-5-light-1 u-table-cell u-text-grey-50 u-table-cell-4\">Apprentissage<\/th>\n              <\/tr>\n            <\/thead>\n            <tbody class=\"u-align-center u-table-body\">\n              <tr>\n                <td class=\"u-align-left u-border-1 u-border-grey-25 u-first-column u-table-cell\"><\/td>\n                <td class=\"u-border-1 u-border-grey-25 u-palette-1-base u-table-cell u-table-cell-6\">$ 1000<\/td>\n                <td class=\"u-border-1 u-border-grey-25 u-palette-1-base u-table-cell u-table-cell-7\">$ 1500<\/td>\n                <td class=\"u-border-1 u-border-grey-25 u-palette-1-base u-table-cell u-table-cell-8\">$ 2000<\/td>\n              <\/tr>\n              <tr>\n                <td class=\"u-align-left u-border-1 u-border-grey-25 u-first-column u-table-cell\">Tarif de base<\/td>\n                <td class=\"u-border-1 u-border-grey-25 u-table-cell\"><span class=\"u-file-icon u-icon u-icon-1\" data-animation-name=\"\" data-animation-duration=\"0\" data-animation-delay=\"0\" data-animation-direction=\"\"><img decoding=\"async\" src=\"https:\/\/creob.ca\/wp-content\/uploads\/2024\/03\/10250202.png\" alt=\"\"><\/span>\n                <\/td>\n                <td class=\"u-border-1 u-border-grey-25 u-table-cell\"><span class=\"u-file-icon u-icon u-icon-2\"><img decoding=\"async\" src=\"https:\/\/creob.ca\/wp-content\/uploads\/2024\/03\/10250202.png\" alt=\"\"><\/span>\n                <\/td>\n                <td class=\"u-border-1 u-border-grey-25 u-table-cell\"><span class=\"u-file-icon u-icon u-icon-3\"><img decoding=\"async\" src=\"https:\/\/creob.ca\/wp-content\/uploads\/2024\/03\/10250202.png\" alt=\"\"><\/span>\n                <\/td>\n              <\/tr>\n              <tr>\n                <td class=\"u-align-left u-border-1 u-border-grey-25 u-first-column u-table-cell\">Nouveau \/ Refonte<\/td>\n                <td class=\"u-border-1 u-border-grey-25 u-table-cell\"><span class=\"u-file-icon u-icon u-icon-4\"><img decoding=\"async\" src=\"https:\/\/creob.ca\/wp-content\/uploads\/2024\/03\/10250202.png\" alt=\"\"><\/span>\n                <\/td>\n                <td class=\"u-border-1 u-border-grey-25 u-table-cell\"><span class=\"u-file-icon u-icon u-icon-5\"><img decoding=\"async\" src=\"https:\/\/creob.ca\/wp-content\/uploads\/2024\/03\/10250202.png\" alt=\"\"><\/span>\n                <\/td>\n                <td class=\"u-border-1 u-border-grey-25 u-table-cell\"><span class=\"u-file-icon u-icon u-icon-6\"><img decoding=\"async\" src=\"https:\/\/creob.ca\/wp-content\/uploads\/2024\/03\/10250202.png\" alt=\"\"><\/span>\n                <\/td>\n              <\/tr>\n              <tr style=\"height: 42px;\">\n                <td class=\"u-align-left u-border-1 u-border-grey-25 u-table-cell\">Redirection des courriels<\/td>\n                <td class=\"u-border-1 u-border-grey-25 u-table-cell\"><span class=\"u-file-icon u-icon u-icon-7\"><img decoding=\"async\" src=\"https:\/\/creob.ca\/wp-content\/uploads\/2024\/03\/10250202.png\" alt=\"\"><\/span>\n                <\/td>\n                <td class=\"u-border-1 u-border-grey-25 u-table-cell\"><span class=\"u-file-icon u-icon u-icon-8\"><img decoding=\"async\" src=\"https:\/\/creob.ca\/wp-content\/uploads\/2024\/03\/10250202.png\" alt=\"\"><\/span>\n                <\/td>\n                <td class=\"u-border-1 u-border-grey-25 u-table-cell\"><span class=\"u-file-icon u-icon u-icon-9\"><img decoding=\"async\" src=\"https:\/\/creob.ca\/wp-content\/uploads\/2024\/03\/10250202.png\" alt=\"\"><\/span>\n                <\/td>\n              <\/tr>\n              <tr style=\"height: 45px;\">\n                <td class=\"u-align-left u-border-1 u-border-grey-25 u-table-cell\">Boutique<\/td>\n                <td class=\"u-border-1 u-border-grey-25 u-table-cell\"><\/td>\n                <td class=\"u-border-1 u-border-grey-25 u-table-cell\"><span class=\"u-file-icon u-icon u-icon-10\"><img decoding=\"async\" src=\"https:\/\/creob.ca\/wp-content\/uploads\/2024\/03\/10250202.png\" alt=\"\"><\/span>\n                <\/td>\n                <td class=\"u-border-1 u-border-grey-25 u-table-cell\"><span class=\"u-file-icon u-icon u-icon-11\"><img decoding=\"async\" src=\"https:\/\/creob.ca\/wp-content\/uploads\/2024\/03\/10250202.png\" alt=\"\"><\/span>\n                <\/td>\n              <\/tr>\n              <tr style=\"height: 46px;\">\n                <td class=\"u-align-left u-border-1 u-border-grey-25 u-table-cell\">Apprentissage en ligne<\/td>\n                <td class=\"u-border-1 u-border-grey-25 u-table-cell\"><\/td>\n                <td class=\"u-border-1 u-border-grey-25 u-table-cell\"><\/td>\n                <td class=\"u-border-1 u-border-grey-25 u-table-cell\"><span class=\"u-file-icon u-icon u-icon-12\"><img decoding=\"async\" src=\"https:\/\/creob.ca\/wp-content\/uploads\/2024\/03\/10250202.png\" alt=\"\"><\/span>\n                <\/td>\n              <\/tr>\n              <tr>\n                <td class=\"u-align-left u-border-1 u-border-grey-25 u-table-cell\">Caf\u00e9<\/td>\n                <td class=\"u-border-1 u-border-grey-25 u-table-cell\">5 tasses<\/td>\n                <td class=\"u-border-1 u-border-grey-25 u-table-cell\">20 tasses<\/td>\n                <td class=\"u-border-1 u-border-grey-25 u-table-cell\">50 tasses<\/td>\n              <\/tr>\n            <\/tbody>\n          <\/table>\n        <\/div>\n      <\/div>\n    <\/section>\n    <section class=\"u-align-center u-clearfix u-palette-1-base u-section-4\" id=\"carousel_2900\">\n      <div class=\"u-clearfix u-sheet u-sheet-1\">\n        <h2 class=\"u-custom-font u-font-montserrat u-text u-text-default u-text-white u-text-1\"> Fonctionnalit\u00e9 additionnel<\/h2>\n        <div class=\"u-expanded-width u-list u-list-1\">\n          <div class=\"u-repeater u-repeater-1\">\n            <div class=\"u-container-style u-list-item u-opacity u-opacity-5 u-palette-3-light-2 u-repeater-item u-list-item-1\">\n              <div class=\"u-container-layout u-similar-container u-container-layout-1\">\n                <h4 class=\"u-text u-text-default u-text-palette-1-light-2 u-text-2\">$50<\/h4>\n                <h5 class=\"u-text u-text-body-alt-color u-text-default u-text-3\"> Nouveau courriel entreprise<\/h5>\n              <\/div>\n            <\/div>\n            <div class=\"u-container-style u-list-item u-opacity u-opacity-5 u-palette-3-light-2 u-repeater-item u-video-cover\">\n              <div class=\"u-container-layout u-similar-container u-container-layout-2\">\n                <h4 class=\"u-text u-text-default u-text-palette-1-light-2 u-text-4\">$250<\/h4>\n                <h5 class=\"u-text u-text-body-alt-color u-text-default u-text-5\"> R\u00e9servation \/ \u00c9v\u00e8nement<\/h5>\n              <\/div>\n            <\/div>\n            <div class=\"u-container-style u-list-item u-opacity u-opacity-5 u-palette-3-light-2 u-repeater-item u-video-cover\">\n              <div class=\"u-container-layout u-similar-container u-container-layout-3\">\n                <h4 class=\"u-text u-text-default u-text-palette-1-light-2 u-text-6\">$250<br>\n                <\/h4>\n                <h5 class=\"u-text u-text-body-alt-color u-text-default u-text-7\"> Refonte d'image entreprise<\/h5>\n              <\/div>\n            <\/div>\n            <div class=\"u-container-style u-list-item u-opacity u-opacity-5 u-palette-3-light-2 u-repeater-item u-video-cover\">\n              <div class=\"u-container-layout u-similar-container u-container-layout-4\">\n                <h4 class=\"u-text u-text-default u-text-palette-1-light-2 u-text-8\">$200<\/h4>\n                <h5 class=\"u-text u-text-body-alt-color u-text-default u-text-9\">Chatbot<\/h5>\n              <\/div>\n            <\/div>\n            <div class=\"u-container-style u-list-item u-opacity u-opacity-5 u-palette-3-light-2 u-repeater-item u-video-cover\">\n              <div class=\"u-container-layout u-similar-container u-container-layout-5\">\n                <h4 class=\"u-text u-text-default u-text-palette-1-light-2 u-text-10\">$150<\/h4>\n                <h5 class=\"u-text u-text-body-alt-color u-text-default u-text-11\">Blogue<\/h5>\n              <\/div>\n            <\/div>\n            <div class=\"u-container-style u-list-item u-opacity u-opacity-5 u-palette-3-light-2 u-repeater-item u-video-cover\">\n              <div class=\"u-container-layout u-similar-container u-container-layout-6\">\n                <h4 class=\"u-text u-text-default u-text-palette-1-light-2 u-text-12\">Prix sur demande<\/h4>\n                <h5 class=\"u-text u-text-body-alt-color u-text-default u-text-13\"> Autre<\/h5>\n              <\/div>\n            <\/div>\n          <\/div>\n        <\/div>\n      <\/div>\n    <\/section>\n    <section class=\"u-align-center-lg u-align-center-md u-align-center-sm u-align-center-xs u-clearfix u-grey-15 u-section-5\" id=\"carousel_fa37\">\n      <div class=\"u-clearfix u-sheet u-valign-middle-lg u-valign-middle-xl u-sheet-1\">\n        <div class=\"u-palette-1-base u-radius-10 u-shape u-shape-round u-shape-1\" data-animation-name=\"customAnimationIn\" data-animation-duration=\"1500\" data-animation-delay=\"500\"><\/div>\n        <img decoding=\"async\" class=\"u-image u-image-round u-radius-10 u-image-1\" src=\"https:\/\/creob.ca\/wp-content\/uploads\/2024\/03\/d25f449aabb0db2e6c1c53ae232660e8e70f7463924d172c93c2abb3d9ff322cb374e886b6d4f8b2a6c0726aa24f816581f6afdf9b26e38c06fd56_1280.png\" data-image-width=\"1280\" data-image-height=\"834\" data-animation-name=\"customAnimationIn\" data-animation-duration=\"1250\">\n        <div class=\"u-opacity u-opacity-80 u-shape u-shape-svg u-text-palette-1-base u-shape-2\" data-animation-name=\"customAnimationIn\" data-animation-duration=\"1500\" data-animation-delay=\"500\">\n          <svg class=\"u-svg-link\" preserveAspectRatio=\"none\" viewBox=\"0 0 160 160\" style=\"\"><use xlink:href=\"#svg-db78\"><\/use><\/svg>\n          <svg xmlns=\"http:\/\/www.w3.org\/2000\/svg\" xmlns:xlink=\"http:\/\/www.w3.org\/1999\/xlink\" version=\"1.1\" xml:space=\"preserve\" class=\"u-svg-content\" viewBox=\"0 0 160 160\" x=\"0px\" y=\"0px\" id=\"svg-db78\"><path d=\"M114.3,152.3l38-38C144.4,130.9,130.9,144.4,114.3,152.3z M117.1,9.1l-108,108c0.8,1.6,1.7,3.2,2.7,4.8l110-110\n\tC120.3,10.9,118.7,10,117.1,9.1z M97.5,2L2,97.5c0.4,2,1,4,1.5,5.9l99.9-99.9C101.5,2.9,99.5,2.4,97.5,2z M80,160c2,0,4-0.1,5.9-0.2\n\tl73.9-73.9c0.1-2,0.2-3.9,0.2-5.9c0-0.6,0-1.2,0-1.9L78.1,160C78.8,160,79.4,160,80,160z M34.9,146.1c1.5,1,3,2,4.6,2.9L149,39.5\n\tc-0.9-1.6-1.9-3.1-2.9-4.6L34.9,146.1z M132.7,19.8L19.8,132.7c1.2,1.3,2.3,2.6,3.6,3.9L136.6,23.4C135.3,22.2,134,21,132.7,19.8z\n\t M59.6,157.4l97.8-97.8c-0.5-1.9-1.1-3.8-1.7-5.7L53.9,155.6C55.8,156.3,57.7,156.9,59.6,157.4z M7.6,45.9L45.9,7.6\n\tC29.1,15.5,15.5,29.1,7.6,45.9z M80,0c-2.6,0-5.1,0.1-7.6,0.4l-72,72C0.1,74.9,0,77.4,0,80c0,0.1,0,0.2,0,0.2L80.2,0\n\tC80.2,0,80.1,0,80,0z\"><\/path><\/svg>\n        <\/div>\n        <div class=\"u-palette-1-light-2 u-preserve-proportions u-shape u-shape-circle u-shape-3\" data-animation-name=\"customAnimationIn\" data-animation-duration=\"1500\" data-animation-delay=\"500\"><\/div>\n        <div class=\"u-align-center u-container-align-center u-container-style u-group u-radius-10 u-shape-round u-white u-group-1\" data-animation-name=\"customAnimationIn\" data-animation-duration=\"1500\" data-animation-delay=\"500\">\n          <div class=\"u-container-layout u-container-layout-1\">\n            <h2 class=\"u-text u-text-palette-1-base u-text-1\">D\u00e9butons!<\/h2>\n            <div class=\"u-expanded-width u-form u-form-1\">\n              <form action=\"https:\/\/forms.nicepagesrv.com\/v2\/form\/process\" class=\"u-clearfix u-form-spacing-10 u-form-vertical u-inner-form\" source=\"email\" name=\"form-1\" style=\"padding: 10px;\">\n                <div class=\"u-form-group u-form-name\">\n                  <label for=\"name-c55c\" class=\"u-label\">Name<\/label>\n                  <input type=\"text\" placeholder=\"Entrer votre nom\" id=\"name-c55c\" name=\"Nom\" class=\"u-grey-10 u-input u-input-rectangle u-radius-10\" required=\"\">\n                <\/div>\n                <div class=\"u-form-email u-form-group\">\n                  <label for=\"email-c55c\" class=\"u-label\">Email<\/label>\n                  <input type=\"email\" placeholder=\"Entrer votre courriel\" id=\"email-c55c\" name=\"Courriel\" class=\"u-grey-10 u-input u-input-rectangle u-radius-10\" required=\"\">\n                <\/div>\n                <div class=\"u-form-group u-form-message\">\n                  <label for=\"message-c55c\" class=\"u-label\">Message<\/label>\n                  <textarea placeholder=\"D\u00e9crivez bri\u00e8vement votre projet\" rows=\"4\" cols=\"50\" id=\"message-c55c\" name=\"Projet\" class=\"u-grey-10 u-input u-input-rectangle u-radius-10\" required=\"\"><\/textarea>\n                <\/div>\n                <div class=\"u-align-left u-form-group u-form-submit\">\n                  <a href=\"#\" class=\"u-active-palette-3-base u-border-none u-btn u-btn-round u-btn-submit u-button-style u-hover-palette-3-base u-palette-1-base u-radius-10 u-btn-1\">Soumettre<\/a>\n                  <input type=\"submit\" value=\"submit\" class=\"u-form-control-hidden\">\n                <\/div>\n                <div class=\"u-form-send-message u-form-send-success\"> Thank you! Your message has been sent. <\/div>\n                <div class=\"u-form-send-error u-form-send-message\"> Unable to send your message. Please fix errors then try again. <\/div>\n                <input type=\"hidden\" value=\"\" name=\"recaptchaResponse\">\n                <input type=\"hidden\" name=\"formServices\" value=\"11a39d2b-c4ea-5769-f637-d1e212a438b1\">\n                <input type=\"hidden\" name=\"siteKey\" value=\"6LfJ13ooAAAAAGC2gTsUU6JeHjVOkHW0YN1aUUzV\">\n              <\/form>\n            <\/div>\n          <\/div>\n        <\/div>\n      <\/div>\n    <\/section>\n    \n    \n    \n    \n  \n","protected":false},"excerpt":{"rendered":"<p>Pr\u00eat \u00e0 transformer votre entreprise? Ce que nous faisons: De la naissance de votre id\u00e9e jusqu&rsquo;\u00e0 sa r\u00e9alisation, nous pouvons vous aider. Cr\u00e9ation Migration Accompagnement Support Image from Freepik Obtener le meilleur rapport qualit\u00e9\/prix Site Web Cr\u00e9ationH\u00e9bergementMise \u00e0 jourRefonte Boutique Gamme de prixVariation de produitPromotion Centre d&rsquo;apprentissage Cours en ligneCertificatQuizz Courriel Nouveau courrielRedirection Tarification Choisissez &hellip; <a href=\"https:\/\/creob.ca\/index.php\/tarification\/\" class=\"more-link\">Continue reading<span class=\"screen-reader-text\"> \u00ab\u00a0Tarification\u00a0\u00bb<\/span><\/a><\/p>\n","protected":false},"author":1,"featured_media":0,"parent":0,"menu_order":4,"comment_status":"closed","ping_status":"closed","template":"","meta":{"footnotes":""},"class_list":["post-47","page","type-page","status-publish","hentry"],"_links":{"self":[{"href":"https:\/\/creob.ca\/index.php\/wp-json\/wp\/v2\/pages\/47","targetHints":{"allow":["GET"]}}],"collection":[{"href":"https:\/\/creob.ca\/index.php\/wp-json\/wp\/v2\/pages"}],"about":[{"href":"https:\/\/creob.ca\/index.php\/wp-json\/wp\/v2\/types\/page"}],"author":[{"embeddable":true,"href":"https:\/\/creob.ca\/index.php\/wp-json\/wp\/v2\/users\/1"}],"replies":[{"embeddable":true,"href":"https:\/\/creob.ca\/index.php\/wp-json\/wp\/v2\/comments?post=47"}],"version-history":[{"count":1,"href":"https:\/\/creob.ca\/index.php\/wp-json\/wp\/v2\/pages\/47\/revisions"}],"predecessor-version":[{"id":51,"href":"https:\/\/creob.ca\/index.php\/wp-json\/wp\/v2\/pages\/47\/revisions\/51"}],"wp:attachment":[{"href":"https:\/\/creob.ca\/index.php\/wp-json\/wp\/v2\/media?parent=47"}],"curies":[{"name":"wp","href":"https:\/\/api.w.org\/{rel}","templated":true}]}}